{"id":6378,"date":"2023-05-03T08:18:47","date_gmt":"2023-05-03T08:18:47","guid":{"rendered":"https:\/\/www.streetballbcnsants.com\/?page_id=6378"},"modified":"2023-05-03T08:48:44","modified_gmt":"2023-05-03T08:48:44","slug":"politica-de-salvaguardia-para-ninas-ninos-adolescentes-y-jovenes","status":"publish","type":"page","link":"https:\/\/www.streetballbcnsants.com\/en_uk\/politica-de-salvaguardia-para-ninas-ninos-adolescentes-y-jovenes\/","title":{"rendered":"Pol\u00edtica de salvaguardia para ni\u00f1as, ni\u00f1os, adolescentes y j\u00f3venes"},"content":{"rendered":"<section data-bb-version=\"4.5.5\" id=\"bt_bb_section69dee8bcad08d\" class=\"bt_bb_section bt_bb_layout_boxed_1200\"  data-bt-override-class=\"null\"><div class=\"bt_bb_port\"><div class=\"bt_bb_cell\"><div class=\"bt_bb_cell_inner\"><div class=\"bt_bb_row\"  data-bt-override-class=\"{}\"><div class=\"bt_bb_row_holder\" ><div data-bb-version=\"4.5.5\"  class=\"bt_bb_column col-xxl-6 col-xl-6 col-xs-12 col-sm-6 col-md-6 col-lg-6 bt_bb_vertical_align_top bt_bb_align_left bt_bb_padding_none\" style=\"; --column-width:6;\" data-width=\"6\" data-bt-override-class=\"{&quot;bt_bb_align_&quot;:{&quot;current_class&quot;:&quot;bt_bb_align_left&quot;,&quot;xxl&quot;:&quot;left&quot;},&quot;bt_bb_padding_&quot;:{&quot;current_class&quot;:&quot;bt_bb_padding_none&quot;,&quot;xxl&quot;:&quot;none&quot;}}\"><div class=\"bt_bb_column_content\"><div class=\"bt_bb_column_content_inner\"><div data-bb-version=\"4.5.5\" class=\"bt_bb_separator bt_bb_border_style_none bt_bb_top_spacing_large bt_bb_bottom_spacing_none\" data-bt-override-class=\"{&quot;bt_bb_top_spacing_&quot;:{&quot;current_class&quot;:&quot;bt_bb_top_spacing_large&quot;,&quot;xxl&quot;:&quot;large&quot;},&quot;bt_bb_bottom_spacing_&quot;:{&quot;current_class&quot;:&quot;bt_bb_bottom_spacing_none&quot;,&quot;xxl&quot;:&quot;none&quot;}}\"><\/div><div data-bb-version=\"4.5.5\"  class=\"bt_bb_text\" ><\/p>\n<p><span style=\"font-weight: 400;\">La Asociaci\u00f3n <strong>Streetball Barcelona Sants<\/strong>\u00a0 comprometida con la construcci\u00f3n de una sociedad m\u00e1s segura que cuide y proteja a los ni\u00f1os, ni\u00f1as, adolescentes y j\u00f3venes, promueve dentro de su organizaci\u00f3n, comportamientos coherentes con la protecci\u00f3n e inter\u00e9s del ni\u00f1o, con el fin de constituirse como una organizaci\u00f3n segura para la infancia y juventud.<\/span><\/p>\n<p><span style=\"font-weight: 400;\">Es por esta raz\u00f3n que nos interesa conocer cualquier eventualidad o incidente que atente contra la dignidad, autonom\u00eda y derechos humanos de nuestros colombianitos. Por favor manda un email a<a href=\"mailto:info@streetballbcnsants.com\"> info@streetballbcnsants.com<\/a><\/span><span style=\"font-weight: 400;\"> para comunicar cualquier preocupaci\u00f3n, reclamo o denuncia relacionada con la protecci\u00f3n infantil.<\/span><\/p>\n<p>Si lo deseas, puedes descargar nuestra <strong><a href=\"https:\/\/www.streetballbcnsants.com\/wp-content\/uploads\/2023\/05\/Politica-de-proteccion-y-seguridad-de-la-infancia.pdf\">Pol\u00edtica de protecci\u00f3n y seguridad de la infancia<\/a><\/strong><\/p>\n<p>\n<\/div><\/div><\/div><\/div><div data-bb-version=\"4.5.5\"  class=\"bt_bb_column col-xxl-6 col-xl-6 col-xs-12 col-sm-6 col-md-6 col-lg-6 bt_bb_vertical_align_top bt_bb_align_left bt_bb_padding_none\" style=\"; --column-width:6;\" data-width=\"6\" data-bt-override-class=\"{&quot;bt_bb_align_&quot;:{&quot;current_class&quot;:&quot;bt_bb_align_left&quot;,&quot;xxl&quot;:&quot;left&quot;},&quot;bt_bb_padding_&quot;:{&quot;current_class&quot;:&quot;bt_bb_padding_none&quot;,&quot;xxl&quot;:&quot;none&quot;}}\"><div class=\"bt_bb_column_content\"><div class=\"bt_bb_column_content_inner\"><div data-bb-version=\"4.5.5\" class=\"bt_bb_separator bt_bb_border_style_none bt_bb_top_spacing_large bt_bb_bottom_spacing_none\" data-bt-override-class=\"{&quot;bt_bb_top_spacing_&quot;:{&quot;current_class&quot;:&quot;bt_bb_top_spacing_large&quot;,&quot;xxl&quot;:&quot;large&quot;},&quot;bt_bb_bottom_spacing_&quot;:{&quot;current_class&quot;:&quot;bt_bb_bottom_spacing_none&quot;,&quot;xxl&quot;:&quot;none&quot;}}\"><\/div><div data-bb-version=\"4.5.5\" class=\"bt_bb_image bt_bb_shape_square bt_bb_target_self bt_bb_align_inherit bt_bb_hover_style_simple bt_bb_content_display_always bt_bb_content_align_middle\" data-bt-override-class=\"{&quot;bt_bb_align_&quot;:{&quot;current_class&quot;:&quot;bt_bb_align_inherit&quot;,&quot;xxl&quot;:&quot;inherit&quot;}}\"><span><img loading=\"lazy\" decoding=\"async\" width=\"640\" height=\"480\" src=\"https:\/\/www.streetballbcnsants.com\/wp-content\/uploads\/2021\/06\/sbs-eap-foto-11.jpg\" class=\"attachment-full size-full\" alt=\"https:\/\/www.streetballbcnsants.com\/wp-content\/uploads\/2021\/06\/sbs-eap-foto-11.jpg\" data-full_image_src=\"https:\/\/www.streetballbcnsants.com\/wp-content\/uploads\/2021\/06\/sbs-eap-foto-11.jpg\" title=\"sbs-eap-foto-11\" srcset=\"https:\/\/www.streetballbcnsants.com\/wp-content\/uploads\/2021\/06\/sbs-eap-foto-11.jpg 640w, https:\/\/www.streetballbcnsants.com\/wp-content\/uploads\/2021\/06\/sbs-eap-foto-11-320x240.jpg 320w, https:\/\/www.streetballbcnsants.com\/wp-content\/uploads\/2021\/06\/sbs-eap-foto-11-600x450.jpg 600w\" sizes=\"auto, (max-width: 640px) 100vw, 640px\" \/><\/span><\/div><\/div><\/div><\/div><\/div><\/div><div data-bb-version=\"4.5.5\" class=\"bt_bb_row\"  data-bt-override-class=\"{}\"><div class=\"bt_bb_row_holder\" ><\/div><\/div><\/div><!-- cell_inner --><\/div><!-- cell --><\/div><!-- port --><\/section>","protected":false},"excerpt":{"rendered":"","protected":false},"author":2,"featured_media":4945,"parent":0,"menu_order":0,"comment_status":"closed","ping_status":"closed","template":"","meta":{"footnotes":""},"class_list":["post-6378","page","type-page","status-publish","has-post-thumbnail","hentry"],"_links":{"self":[{"href":"https:\/\/www.streetballbcnsants.com\/en_uk\/wp-json\/wp\/v2\/pages\/6378","targetHints":{"allow":["GET"]}}],"collection":[{"href":"https:\/\/www.streetballbcnsants.com\/en_uk\/wp-json\/wp\/v2\/pages"}],"about":[{"href":"https:\/\/www.streetballbcnsants.com\/en_uk\/wp-json\/wp\/v2\/types\/page"}],"author":[{"embeddable":true,"href":"https:\/\/www.streetballbcnsants.com\/en_uk\/wp-json\/wp\/v2\/users\/2"}],"replies":[{"embeddable":true,"href":"https:\/\/www.streetballbcnsants.com\/en_uk\/wp-json\/wp\/v2\/comments?post=6378"}],"version-history":[{"count":7,"href":"https:\/\/www.streetballbcnsants.com\/en_uk\/wp-json\/wp\/v2\/pages\/6378\/revisions"}],"predecessor-version":[{"id":6388,"href":"https:\/\/www.streetballbcnsants.com\/en_uk\/wp-json\/wp\/v2\/pages\/6378\/revisions\/6388"}],"wp:featuredmedia":[{"embeddable":true,"href":"https:\/\/www.streetballbcnsants.com\/en_uk\/wp-json\/wp\/v2\/media\/4945"}],"wp:attachment":[{"href":"https:\/\/www.streetballbcnsants.com\/en_uk\/wp-json\/wp\/v2\/media?parent=6378"}],"curies":[{"name":"wp","href":"https:\/\/api.w.org\/{rel}","templated":true}]}}